{"id":10,"date":"2025-05-26T14:26:29","date_gmt":"2025-05-26T14:26:29","guid":{"rendered":"https:\/\/nsmr.no\/NSMR\/?page_id=10"},"modified":"2025-05-26T14:26:51","modified_gmt":"2025-05-26T14:26:51","slug":"medlemskap","status":"publish","type":"page","link":"https:\/\/nsmr.no\/NSMR\/?page_id=10","title":{"rendered":"Medlemskap"},"content":{"rendered":"\n<h2 class=\"wp-block-heading\">Medlemskap<\/h2>\n\n\n\n<p>Den \u00e5rlige medlemsavgifte er 150 NOK. Medlemsavgiften kan betales inn til kontonummer 1503.10.46855 (IBAN: NO&nbsp;081503 1046855&nbsp;\/ SWIFT: DNBANOKK&nbsp;). Merk betalingen med \u201cMedlemsavgift &lt;\u00c5R&gt; fra &lt;DITT NAVN&gt;\u201d.<\/p>\n\n\n\n<p>Dersom noen trenger faktura for betaling av medlemskap i NSMR m\u00e5 de ta kontakt med Bj\u00f8rnar Arstad p\u00e5 mail (Bjornar.Arstad(a)sintef.no) og han vil sende en ferdig utfylt faktura i PDF-format. Vennligst oppgi fakturaadresse og gi beskjed om evtl. tillegstekst (bestillingsnummer o.l.)<\/p>\n\n\n\n<h2 class=\"wp-block-heading\">Bedriftsmedlemskap<\/h2>\n\n\n\n<p>Bedrifter som \u00f8nsker \u00e5 st\u00f8tte NSMR sitt arbeid innbys til \u00e5 bli bedriftsmedlem for en \u00e5rlig sum av 1000 NOK.<\/p>\n\n\n\n<p>Enkeltindivider hos bedriftene inviteres til \u00e5 delta p\u00e5 v\u00e5r nasjonale NMR e-postliste.<\/p>\n\n\n\n<p><\/p>\n","protected":false},"excerpt":{"rendered":"<p>Medlemskap Den \u00e5rlige medlemsavgifte er 150 NOK. Medlemsavgiften kan betales inn til kontonummer 1503.10.46855 (IBAN: NO&nbsp;081503 1046855&nbsp;\/ SWIFT: DNBANOKK&nbsp;). Merk betalingen med \u201cMedlemsavgift &lt;\u00c5R&gt; fra &lt;DITT NAVN&gt;\u201d. Dersom noen trenger faktura for betaling av medlemskap i NSMR m\u00e5 de ta kontakt med Bj\u00f8rnar Arstad p\u00e5 mail (Bjornar.Arstad(a)sintef.no) og han vil sende en ferdig utfylt faktura [&hellip;]<\/p>\n","protected":false},"author":1,"featured_media":0,"parent":0,"menu_order":2,"comment_status":"closed","ping_status":"closed","template":"","meta":{"footnotes":""},"class_list":["post-10","page","type-page","status-publish","hentry"],"_links":{"self":[{"href":"https:\/\/nsmr.no\/NSMR\/index.php?rest_route=\/wp\/v2\/pages\/10","targetHints":{"allow":["GET"]}}],"collection":[{"href":"https:\/\/nsmr.no\/NSMR\/index.php?rest_route=\/wp\/v2\/pages"}],"about":[{"href":"https:\/\/nsmr.no\/NSMR\/index.php?rest_route=\/wp\/v2\/types\/page"}],"author":[{"embeddable":true,"href":"https:\/\/nsmr.no\/NSMR\/index.php?rest_route=\/wp\/v2\/users\/1"}],"replies":[{"embeddable":true,"href":"https:\/\/nsmr.no\/NSMR\/index.php?rest_route=%2Fwp%2Fv2%2Fcomments&post=10"}],"version-history":[{"count":3,"href":"https:\/\/nsmr.no\/NSMR\/index.php?rest_route=\/wp\/v2\/pages\/10\/revisions"}],"predecessor-version":[{"id":58,"href":"https:\/\/nsmr.no\/NSMR\/index.php?rest_route=\/wp\/v2\/pages\/10\/revisions\/58"}],"wp:attachment":[{"href":"https:\/\/nsmr.no\/NSMR\/index.php?rest_route=%2Fwp%2Fv2%2Fmedia&parent=10"}],"curies":[{"name":"wp","href":"https:\/\/api.w.org\/{rel}","templated":true}]}}