{"id":11,"date":"2025-05-26T13:41:52","date_gmt":"2025-05-26T13:41:52","guid":{"rendered":"https:\/\/nsmr.no\/NSMR\/?page_id=11"},"modified":"2025-05-28T19:05:18","modified_gmt":"2025-05-28T19:05:18","slug":"styret","status":"publish","type":"page","link":"https:\/\/nsmr.no\/NSMR\/?page_id=11","title":{"rendered":"Styret"},"content":{"rendered":"\n<h2 class=\"wp-block-heading\">Styret<\/h2>\n\n\n\n<p>Under det 18. Norske nasjonale MR-m\u00f8tet (MR 2025) ble f\u00f8lgende styre valgt: John Georg Seland (leder, UiB); Johan Isaksson (nestleder, UiT); Bj\u00f8rnar Arstad (kasserer, SINTEF); Trygve Andreassen (styremedlem, NTNU); Finn L. Aachmann (styremedlem, NTNU); Leesa Klau (styremedlem, SINTEF); Jarl Underhaug (styremedlem, UiB); Kristian S\u00f8rnes (styremedlem, UiO); Janne T\u00f8nsager (styremedlem, FFI); Torun M. Mel\u00f8 (varamedlem, NTNU).<\/p>\n\n\n\n<h2 class=\"wp-block-heading\">Vedtekter<\/h2>\n\n\n\n<h3 class=\"wp-block-heading\">1. Navn<\/h3>\n\n\n\n<p>Foreningens navn er Norsk Selskap for Magnetisk Resonans. Foreningen bruker til daglig navnet Norwegian Society for Magnetic Resonance (NSMR).<\/p>\n\n\n\n<h3 class=\"wp-block-heading\">2. Form\u00e5l<\/h3>\n\n\n\n<p>Foreningen dekker metodeutvikling innen og anvendelse av magnetisk resonans innen naturvitenskap, teknologi, medisin og tilgrensende omr\u00e5der. Foreningens form\u00e5l er \u00e5 \u00f8ke interessen for og bidra til tverrfaglig kontakt mellom omr\u00e5dene nevnt ovenfor ved jevnlig \u00e5 arrangere faglige m\u00f8ter. Foreningen skal ogs\u00e5 virke som et bindeledd mellom fagmilj\u00f8ene i de forskjellige landsdelene for \u00e5 samordne dyre instrumentinnkj\u00f8p.<\/p>\n\n\n\n<h3 class=\"wp-block-heading\">3. Organisasjon og ledelse<\/h3>\n\n\n\n<p>Foreningen er landsomfattende og ledes av et styre som velges p\u00e5 de nasjonale MR-m\u00f8tene.<\/p>\n\n\n\n<h3 class=\"wp-block-heading\">4. Medlemskap<\/h3>\n\n\n\n<p>a. Alle med interesse for foreningens virksomheter kan bli medlemmer. Kontingentens st\u00f8rrelse fastsettes av styret.<\/p>\n\n\n\n<p>b. Kun betalende medlemmer har stemmerett ved generalforsamling.<\/p>\n\n\n\n<p>c. Bedriftsmedlemmer har ikke stemmerett ved generalforsamling.<\/p>\n\n\n\n<h3 class=\"wp-block-heading\">5. Styret<\/h3>\n\n\n\n<p>a. Alle styremedlemmene skal v\u00e6re medlemmer av NSMR.<\/p>\n\n\n\n<p>b. Styret b\u00f8r ha en sammensetning som dekker den faglige og geografiske utbredelsen av fagomr\u00e5det. Styret best\u00e5r av: leder, nestleder, sekret\u00e6r, kasserer og inntil 6 andre styremedlemmer. I tillegg utpeker generalforsamlingen som avholdes p\u00e5 det nasjonale MR-m\u00f8tet annet hvert \u00e5r etter forslag fra styret en valgkomite best\u00e5ende av to medlemmer, og en revisor.<\/p>\n\n\n\n<p>c. Funksjonstiden til styret er to \u00e5r. Hvis det ikke arrangeres nasjonale MR-m\u00f8ter prolongeres styrets funksjonstid automatisk i to \u00e5r.<\/p>\n\n\n\n<h3 class=\"wp-block-heading\">6. Styrets oppgaver<\/h3>\n\n\n\n<p>a. Organisere m\u00f8ter, kollokvier, ekskursjoner, kurs, symposier, osv. innenfor omr\u00e5dene foreningen dekker.<\/p>\n\n\n\n<p>b. Fremlegge beretning annet hvert \u00e5r om foreningens virksomhet for det nasjonale MR-m\u00f8tet som arrangeres annet hvert \u00e5r.<\/p>\n\n\n\n<p>c. Utpeke hvem som skal arrangere det neste nasjonale MR-m\u00f8tet.<\/p>\n\n\n\n<p>d. Forest\u00e5 kontakt med nordiske, europeiske og internasjonale organisasjoner innen fagomr\u00e5det, og utpeke norske representanter til disse.<\/p>\n\n\n\n<h3 class=\"wp-block-heading\">7. Endringer av statuttene<\/h3>\n\n\n\n<p>Endringer til statuttene kan foresl\u00e5s av enkeltmedlemmer og av styret og skal vedtas p\u00e5 neste nasjonale MR-m\u00f8te. Det kreves 2\/3 flertall p\u00e5 generalforsamlingen for \u00e5 forandre foreningens vedtekter. N\u00e5r enkeltmedlemmer forsl\u00e5r vedtektsendringer skal endringsforslaget mottas av styreleder senest 14 dager f\u00f8r starten p\u00e5 neste nasjonale MR-m\u00f8te.<\/p>\n\n\n\n<h3 class=\"wp-block-heading\">8. Oppl\u00f8sning<\/h3>\n\n\n\n<p>Foreningen kan oppl\u00f8ses av styret hvis det ikke har blitt arrangert nasjonale MR-m\u00f8ter de seks foreg\u00e5ende \u00e5rene p\u00e5 oppl\u00f8sningsdatoen. Ved oppl\u00f8sning tilfaller foreningens midler Norges R\u00f8de Kors.<\/p>\n","protected":false},"excerpt":{"rendered":"<p>Styret Under det 18. Norske nasjonale MR-m\u00f8tet (MR 2025) ble f\u00f8lgende styre valgt: John Georg Seland (leder, UiB); Johan Isaksson (nestleder, UiT); Bj\u00f8rnar Arstad (kasserer, SINTEF); Trygve Andreassen (styremedlem, NTNU); Finn L. Aachmann (styremedlem, NTNU); Leesa Klau (styremedlem, SINTEF); Jarl Underhaug (styremedlem, UiB); Kristian S\u00f8rnes (styremedlem, UiO); Janne T\u00f8nsager (styremedlem, FFI); Torun M. Mel\u00f8 (varamedlem, [&hellip;]<\/p>\n","protected":false},"author":1,"featured_media":0,"parent":0,"menu_order":3,"comment_status":"closed","ping_status":"closed","template":"","meta":{"footnotes":""},"class_list":["post-11","page","type-page","status-publish","hentry"],"_links":{"self":[{"href":"https:\/\/nsmr.no\/NSMR\/index.php?rest_route=\/wp\/v2\/pages\/11","targetHints":{"allow":["GET"]}}],"collection":[{"href":"https:\/\/nsmr.no\/NSMR\/index.php?rest_route=\/wp\/v2\/pages"}],"about":[{"href":"https:\/\/nsmr.no\/NSMR\/index.php?rest_route=\/wp\/v2\/types\/page"}],"author":[{"embeddable":true,"href":"https:\/\/nsmr.no\/NSMR\/index.php?rest_route=\/wp\/v2\/users\/1"}],"replies":[{"embeddable":true,"href":"https:\/\/nsmr.no\/NSMR\/index.php?rest_route=%2Fwp%2Fv2%2Fcomments&post=11"}],"version-history":[{"count":4,"href":"https:\/\/nsmr.no\/NSMR\/index.php?rest_route=\/wp\/v2\/pages\/11\/revisions"}],"predecessor-version":[{"id":136,"href":"https:\/\/nsmr.no\/NSMR\/index.php?rest_route=\/wp\/v2\/pages\/11\/revisions\/136"}],"wp:attachment":[{"href":"https:\/\/nsmr.no\/NSMR\/index.php?rest_route=%2Fwp%2Fv2%2Fmedia&parent=11"}],"curies":[{"name":"wp","href":"https:\/\/api.w.org\/{rel}","templated":true}]}}