{"id":29,"date":"2025-05-26T13:38:02","date_gmt":"2025-05-26T13:38:02","guid":{"rendered":"https:\/\/nsmr.no\/NSMR\/?page_id=29"},"modified":"2025-05-27T06:23:20","modified_gmt":"2025-05-27T06:23:20","slug":"hovedside","status":"publish","type":"page","link":"https:\/\/nsmr.no\/NSMR\/","title":{"rendered":"Hovedside"},"content":{"rendered":"\n<h2 class=\"wp-block-heading\">Velkommen<\/h2>\n\n\n\n<p>NSMR er en uavhengig organisasjon som har til form\u00e5l \u00e5 knytte sammen de ulike deler av de norske MR- og NMR-milj\u00f8ene. Organisasjonen ble offisielt opprettet 17. januar, 2008, som en mer formell videref\u00f8ring av den tidligere \u2018Nasjonale komiteen for NMR\u2019 . NSMR arrangerer de norske nasjonale MR m\u00f8tene annethvert \u00e5r.<\/p>\n\n\n\n<p><\/p>\n","protected":false},"excerpt":{"rendered":"<p>Velkommen NSMR er en uavhengig organisasjon som har til form\u00e5l \u00e5 knytte sammen de ulike deler av de norske MR- og NMR-milj\u00f8ene. Organisasjonen ble offisielt opprettet 17. januar, 2008, som en mer formell videref\u00f8ring av den tidligere \u2018Nasjonale komiteen for NMR\u2019 . NSMR arrangerer de norske nasjonale MR m\u00f8tene annethvert \u00e5r.<\/p>\n","protected":false},"author":1,"featured_media":0,"parent":0,"menu_order":0,"comment_status":"closed","ping_status":"closed","template":"","meta":{"footnotes":""},"class_list":["post-29","page","type-page","status-publish","hentry"],"_links":{"self":[{"href":"https:\/\/nsmr.no\/NSMR\/index.php?rest_route=\/wp\/v2\/pages\/29","targetHints":{"allow":["GET"]}}],"collection":[{"href":"https:\/\/nsmr.no\/NSMR\/index.php?rest_route=\/wp\/v2\/pages"}],"about":[{"href":"https:\/\/nsmr.no\/NSMR\/index.php?rest_route=\/wp\/v2\/types\/page"}],"author":[{"embeddable":true,"href":"https:\/\/nsmr.no\/NSMR\/index.php?rest_route=\/wp\/v2\/users\/1"}],"replies":[{"embeddable":true,"href":"https:\/\/nsmr.no\/NSMR\/index.php?rest_route=%2Fwp%2Fv2%2Fcomments&post=29"}],"version-history":[{"count":1,"href":"https:\/\/nsmr.no\/NSMR\/index.php?rest_route=\/wp\/v2\/pages\/29\/revisions"}],"predecessor-version":[{"id":30,"href":"https:\/\/nsmr.no\/NSMR\/index.php?rest_route=\/wp\/v2\/pages\/29\/revisions\/30"}],"wp:attachment":[{"href":"https:\/\/nsmr.no\/NSMR\/index.php?rest_route=%2Fwp%2Fv2%2Fmedia&parent=29"}],"curies":[{"name":"wp","href":"https:\/\/api.w.org\/{rel}","templated":true}]}}