{"id":9,"date":"2025-05-26T13:38:48","date_gmt":"2025-05-26T13:38:48","guid":{"rendered":"https:\/\/nsmr.no\/NSMR\/?page_id=9"},"modified":"2025-05-26T13:40:44","modified_gmt":"2025-05-26T13:40:44","slug":"english","status":"publish","type":"page","link":"https:\/\/nsmr.no\/NSMR\/?page_id=9","title":{"rendered":"English"},"content":{"rendered":"\n<h2 class=\"wp-block-heading\">Welcome<\/h2>\n\n\n\n<p>NSMR, the Norwegian Society for Magnetic Resonance, is an independent organization encouraging cooperation between the different parts of the Norwegian MR and NMR communities. The organization was officially established on January 17 2008. The organization did also change its name from NMRNC (Nuclear Magnetic Resonance National Committee) to NSMR (Norwegian Society for Magnetic Resonance) on this date. The organization is independent of the other Norwegian Scientific Organizations. NSMR is arranging the biennial Norwegian National MR meetings (formerly &#8211; the Norwegian National NMR Meetings).<\/p>\n\n\n\n<h2 class=\"wp-block-heading\">Membership<\/h2>\n\n\n\n<p>The annual membership fee is 150 NOK, payable to the society&#8217;s account 1503.10.46855 (IBAN: NO&nbsp;081503 1046855&nbsp;\/ SWIFT: DNBANOKK&nbsp;). Please mark your payment with \u201cMembership fee &lt;YEAR&gt; from &lt;YOUR NAME&gt;\u201d. Contact Bj\u00f8rnar Arstad (Bjornar.Arstad(a)sintef.no) if you need a receipt.<\/p>\n\n\n\n<p>Corporate memberships are available at 1000 NOK p.a and support the work of NSMR.<\/p>\n\n\n\n<h2 class=\"wp-block-heading\">Board<\/h2>\n\n\n\n<p>During the 17<sup>th<\/sup>&nbsp;Norwegian MR-meeting (MR 2023), the following board was elected: John Georg Seland (chairman, UiB); Johan Isaksson (vicechair, UiT); Bj\u00f8rnar Arstad (treasurer, SINTEF); Trygve Andreassen (board member, NTNU); Finn L. Aachmann (board member, NTNU); Nebojsa Simic (board member, NTNU); Leesa Klau (board member, NTNU); Jarl Underhaug (board member, UiB); Kristian S\u00f8rnes (board member, UiO); Janne T\u00f8nsager (board member, FFI); Torun M. Mel\u00f8 (deputy board member, NTNU).<\/p>\n","protected":false},"excerpt":{"rendered":"<p>Welcome NSMR, the Norwegian Society for Magnetic Resonance, is an independent organization encouraging cooperation between the different parts of the Norwegian MR and NMR communities. The organization was officially established on January 17 2008. The organization did also change its name from NMRNC (Nuclear Magnetic Resonance National Committee) to NSMR (Norwegian Society for Magnetic Resonance) [&hellip;]<\/p>\n","protected":false},"author":1,"featured_media":0,"parent":0,"menu_order":1,"comment_status":"closed","ping_status":"closed","template":"","meta":{"footnotes":""},"class_list":["post-9","page","type-page","status-publish","hentry"],"_links":{"self":[{"href":"https:\/\/nsmr.no\/NSMR\/index.php?rest_route=\/wp\/v2\/pages\/9","targetHints":{"allow":["GET"]}}],"collection":[{"href":"https:\/\/nsmr.no\/NSMR\/index.php?rest_route=\/wp\/v2\/pages"}],"about":[{"href":"https:\/\/nsmr.no\/NSMR\/index.php?rest_route=\/wp\/v2\/types\/page"}],"author":[{"embeddable":true,"href":"https:\/\/nsmr.no\/NSMR\/index.php?rest_route=\/wp\/v2\/users\/1"}],"replies":[{"embeddable":true,"href":"https:\/\/nsmr.no\/NSMR\/index.php?rest_route=%2Fwp%2Fv2%2Fcomments&post=9"}],"version-history":[{"count":1,"href":"https:\/\/nsmr.no\/NSMR\/index.php?rest_route=\/wp\/v2\/pages\/9\/revisions"}],"predecessor-version":[{"id":31,"href":"https:\/\/nsmr.no\/NSMR\/index.php?rest_route=\/wp\/v2\/pages\/9\/revisions\/31"}],"wp:attachment":[{"href":"https:\/\/nsmr.no\/NSMR\/index.php?rest_route=%2Fwp%2Fv2%2Fmedia&parent=9"}],"curies":[{"name":"wp","href":"https:\/\/api.w.org\/{rel}","templated":true}]}}